{"id":6669,"date":"2022-03-24T10:03:24","date_gmt":"2022-03-24T09:03:24","guid":{"rendered":"https:\/\/www.martegaou.com\/camping-4-etoiles-martigues\/"},"modified":"2022-12-14T09:55:54","modified_gmt":"2022-12-14T08:55:54","slug":"campingplatz-4-sterne-martigues","status":"publish","type":"page","link":"https:\/\/www.martegaou.com\/de\/campingplatz-4-sterne-martigues\/","title":{"rendered":"Camping l&#8217;Arquet"},"content":{"rendered":"<section id=\"ls-section-block_95d38a12e47ed5a6ee3110cfb203ddcc\" class=\"ls-section  p-b-4 m-b-10\" >\r\n        <div class=\"container container--wide\">\r\n        \n\n<h1 class=\"ls__heading has-text-align-center has-color-1-color has-text-color wp-block-heading\">4-Sterne-Campingplatz in Martigues<br><strong><mark style=\"background-color:rgba(0, 0, 0, 0)\" class=\"has-inline-color has-color-2-color\">in den Bouches-du-Rh\u00f4ne<\/mark><\/strong><\/h1>\n\n\n\n<div class=\"wp-block-columns are-vertically-aligned-center is-layout-flex wp-container-core-columns-is-layout-9d6595d7 wp-block-columns-is-layout-flex\">\n<div class=\"wp-block-column is-vertically-aligned-center is-layout-flow wp-block-column-is-layout-flow\">\n<h2 class=\"ls-heading wp-block-heading\">Vorstellung von Arquet<\/h2>\n\n\n\n<p class=\"ls-paragraph\">Mit einem Panoramablick auf das Mittelmeer empf\u00e4ngt Sie das L&#8217;Arquet in einer von B\u00e4umen ges\u00e4umten Umgebung an der C\u00f4te Bleue. L&#8217;Arquet befindet sich in der N\u00e4he des Nationalparks Calanques und ist auch f\u00fcr Personen mit eingeschr\u00e4nkter Mobilit\u00e4t zug\u00e4nglich.<\/p>\n\n\n\n<p class=\"ls-paragraph\">Das kleine + des Campingplatzes :<br>Seit 2006 Drehort der Serie Camping Paradis, k\u00f6nnen Sie die Kulissen in der Hochsaison besichtigen.<\/p>\n\n\n\n<div style=\"height:49px\" aria-hidden=\"true\" class=\"wp-block-spacer\"><\/div>\n\n\n\n<figure class=\"wp-block-embed aligncenter is-type-video is-provider-youtube wp-block-embed-youtube wp-embed-aspect-16-9 wp-has-aspect-ratio\"><div class=\"wp-block-embed__wrapper\">\n<iframe title=\"camping de l&#039;arquet martigues\" width=\"500\" height=\"281\" src=\"https:\/\/www.youtube.com\/embed\/yCcWIlEXDJc?feature=oembed\" frameborder=\"0\" allow=\"accelerometer; autoplay; clipboard-write; encrypted-media; gyroscope; picture-in-picture; web-share\" referrerpolicy=\"strict-origin-when-cross-origin\" allowfullscreen><\/iframe>\n<\/div><\/figure>\n<\/div>\n\n\n\n<div class=\"wp-block-column is-vertically-aligned-center column-description column-description__camping column-description__camping__arquet is-layout-flow wp-block-column-is-layout-flow\">\n<div class=\"wp-block-columns are-vertically-aligned-center is-layout-flex wp-container-core-columns-is-layout-9d6595d7 wp-block-columns-is-layout-flex\">\n<div class=\"wp-block-column is-vertically-aligned-center is-layout-flow wp-block-column-is-layout-flow\">\n<figure class=\"wp-block-gallery has-nested-images columns-default is-cropped wp-block-gallery-1 is-layout-flex wp-block-gallery-is-layout-flex\">\n<figure class=\"wp-block-image size-full\"><img decoding=\"async\" width=\"302\" height=\"460\" data-id=\"6640\" src=\"https:\/\/www.martegaou.com\/wp-content\/uploads\/2022\/04\/camping-martigues.jpg\" alt=\"camping martigues\" class=\"wp-image-6640\" srcset=\"https:\/\/www.martegaou.com\/wp-content\/uploads\/2022\/04\/camping-martigues.jpg 302w, https:\/\/www.martegaou.com\/wp-content\/uploads\/2022\/04\/camping-martigues-197x300.jpg 197w\" sizes=\"(max-width: 302px) 100vw, 302px\" \/><\/figure>\n<\/figure>\n<\/div>\n\n\n\n<div class=\"wp-block-column is-vertically-aligned-center is-layout-flow wp-block-column-is-layout-flow\">\n<div id=\"ls-infos-block_56ae84f7bfa6134f440f2798b15e4d1a\" class=\"ls-infos\">\n        <div class=\"ls-infos__content\">\n        <div class=\"ls-infos__opening\">\n            <span class='sptds-open-sign'><\/span>\n            Ouvert du 4 April 2026 au 31 Oktober 2026        <\/div>\n        <div class=\"ls-infos__adresse\">\n            <span class='sptds-pin_2'><\/span>\n            <div>\n                Chemin de La Batterie La Couronne, <br \/>\n                13500                MARTIGUES            <\/div>\n        <\/div>\n        <div class=\"ls-infos__phone\">\n            <span class='sptds-phone-call'><\/span>\n            +33(0)4.42.42.81.00        <\/div>\n\n                    <div class=\"ls-infos__mobil-home\">\n                <span class='sptds-bungalow'><\/span>\n                140 Mobilheime            <\/div>\n        \n                <div class=\"ls-infos__emplacement\">\n            <span class='sptds-tente'><\/span>\n            101 standorte        <\/div>\n        \n                <div class=\"ls-infos__hectare\">\n            <span class='sptds-area'><\/span>\n            6 Hektar        <\/div>\n        \n                    <div class=\"ls-infos__pmr\">\n                <span class='sptds-fauteuil-roulant'><\/span>\n                Zug\u00e4nglichkeit PMR            <\/div>\n        \n\n        <div class=\"ls-infos__mail\">\n            <a href=\"#\">\n                <span class='sptds-envelope'><\/span>\n                Uns schreiben            <\/a>\n        <\/div>\n    <\/div>\n<\/div><\/div>\n<\/div>\n<\/div>\n<\/div>\n\n\r\n    <\/div>\r\n<\/section>\n\n<section id=\"ls-section-block_535b6f4dea271c9a5a21fa38251083f1\" class=\"ls-section  page-two cta-galerie container-super-wide has-background has-color-3-background-color\" >\r\n        <div class=\"container container--full\">\r\n        \n\n<div class=\"wp-block-columns is-layout-flex wp-container-core-columns-is-layout-9d6595d7 wp-block-columns-is-layout-flex\">\n<div class=\"wp-block-column is-layout-flow wp-block-column-is-layout-flow\">\n<figure class=\"wp-block-gallery has-nested-images columns-default is-cropped wp-block-gallery-2 is-layout-flex wp-block-gallery-is-layout-flex\">\n<figure class=\"wp-block-image size-large\"><img decoding=\"async\" width=\"1200\" height=\"800\" data-id=\"6185\" src=\"https:\/\/www.martegaou.com\/wp-content\/uploads\/2022\/03\/location-hebergement-camping-arquet.jpg\" alt=\"location hebergement camping arquet\" class=\"wp-image-6185\" srcset=\"https:\/\/www.martegaou.com\/wp-content\/uploads\/2022\/03\/location-hebergement-camping-arquet.jpg 1200w, https:\/\/www.martegaou.com\/wp-content\/uploads\/2022\/03\/location-hebergement-camping-arquet-300x200.jpg 300w, https:\/\/www.martegaou.com\/wp-content\/uploads\/2022\/03\/location-hebergement-camping-arquet-1024x683.jpg 1024w, https:\/\/www.martegaou.com\/wp-content\/uploads\/2022\/03\/location-hebergement-camping-arquet-768x512.jpg 768w\" sizes=\"(max-width: 1200px) 100vw, 1200px\" \/><\/figure>\n<\/figure>\n\n\n\n<div style=\"height:20px\" aria-hidden=\"true\" class=\"wp-block-spacer\"><\/div>\n\n\n\n<figure class=\"wp-block-gallery has-nested-images columns-default is-cropped wp-block-gallery-3 is-layout-flex wp-block-gallery-is-layout-flex\">\n<figure class=\"wp-block-image size-large\"><img decoding=\"async\" width=\"1200\" height=\"800\" data-id=\"6177\" src=\"https:\/\/www.martegaou.com\/wp-content\/uploads\/2022\/03\/camping-4-etoiles-martigues.jpg\" alt=\"campingplatz 4 sterne martigues\" class=\"wp-image-6177\" srcset=\"https:\/\/www.martegaou.com\/wp-content\/uploads\/2022\/03\/camping-4-etoiles-martigues.jpg 1200w, https:\/\/www.martegaou.com\/wp-content\/uploads\/2022\/03\/camping-4-etoiles-martigues-300x200.jpg 300w, https:\/\/www.martegaou.com\/wp-content\/uploads\/2022\/03\/camping-4-etoiles-martigues-1024x683.jpg 1024w, https:\/\/www.martegaou.com\/wp-content\/uploads\/2022\/03\/camping-4-etoiles-martigues-768x512.jpg 768w\" sizes=\"(max-width: 1200px) 100vw, 1200px\" \/><\/figure>\n<\/figure>\n<\/div>\n\n\n\n<div class=\"wp-block-column is-layout-flow wp-block-column-is-layout-flow\">\n<figure class=\"wp-block-gallery has-nested-images columns-default is-cropped wp-block-gallery-4 is-layout-flex wp-block-gallery-is-layout-flex\">\n<figure class=\"wp-block-image size-large\"><img decoding=\"async\" width=\"1200\" height=\"800\" data-id=\"6181\" src=\"https:\/\/www.martegaou.com\/wp-content\/uploads\/2022\/03\/camping-mobil-home-arquet.jpg\" alt=\"camping mobil home arquet\" class=\"wp-image-6181\" srcset=\"https:\/\/www.martegaou.com\/wp-content\/uploads\/2022\/03\/camping-mobil-home-arquet.jpg 1200w, https:\/\/www.martegaou.com\/wp-content\/uploads\/2022\/03\/camping-mobil-home-arquet-300x200.jpg 300w, https:\/\/www.martegaou.com\/wp-content\/uploads\/2022\/03\/camping-mobil-home-arquet-1024x683.jpg 1024w, https:\/\/www.martegaou.com\/wp-content\/uploads\/2022\/03\/camping-mobil-home-arquet-768x512.jpg 768w\" sizes=\"(max-width: 1200px) 100vw, 1200px\" \/><\/figure>\n<\/figure>\n\n\n\n<div style=\"height:20px\" aria-hidden=\"true\" class=\"wp-block-spacer\"><\/div>\n\n\n\n<figure class=\"wp-block-gallery has-nested-images columns-default is-cropped wp-block-gallery-5 is-layout-flex wp-block-gallery-is-layout-flex\">\n<figure class=\"wp-block-image size-full\"><img decoding=\"async\" width=\"545\" height=\"545\" data-id=\"6638\" src=\"https:\/\/www.martegaou.com\/wp-content\/uploads\/2022\/04\/restaurant-martigues-arquet.jpg\" alt=\"restaurant martigues arquet\" class=\"wp-image-6638\" srcset=\"https:\/\/www.martegaou.com\/wp-content\/uploads\/2022\/04\/restaurant-martigues-arquet.jpg 545w, https:\/\/www.martegaou.com\/wp-content\/uploads\/2022\/04\/restaurant-martigues-arquet-300x300.jpg 300w, https:\/\/www.martegaou.com\/wp-content\/uploads\/2022\/04\/restaurant-martigues-arquet-150x150.jpg 150w\" sizes=\"(max-width: 545px) 100vw, 545px\" \/><\/figure>\n<\/figure>\n<\/div>\n\n\n\n<div class=\"wp-block-column is-layout-flow wp-block-column-is-layout-flow\">\n<figure class=\"wp-block-gallery has-nested-images columns-default is-cropped wp-block-gallery-6 is-layout-flex wp-block-gallery-is-layout-flex\">\n<figure class=\"wp-block-image size-large\"><img decoding=\"async\" width=\"1200\" height=\"800\" data-id=\"6183\" src=\"https:\/\/www.martegaou.com\/wp-content\/uploads\/2022\/03\/camping-piscine-arquet.jpg\" alt=\"camping piscine arquet\" class=\"wp-image-6183\" srcset=\"https:\/\/www.martegaou.com\/wp-content\/uploads\/2022\/03\/camping-piscine-arquet.jpg 1200w, https:\/\/www.martegaou.com\/wp-content\/uploads\/2022\/03\/camping-piscine-arquet-300x200.jpg 300w, https:\/\/www.martegaou.com\/wp-content\/uploads\/2022\/03\/camping-piscine-arquet-1024x683.jpg 1024w, https:\/\/www.martegaou.com\/wp-content\/uploads\/2022\/03\/camping-piscine-arquet-768x512.jpg 768w\" sizes=\"(max-width: 1200px) 100vw, 1200px\" \/><\/figure>\n<\/figure>\n\n\n\n<div style=\"height:20px\" aria-hidden=\"true\" class=\"wp-block-spacer\"><\/div>\n\n\n\n<figure class=\"wp-block-gallery has-nested-images columns-default is-cropped wp-block-gallery-7 is-layout-flex wp-block-gallery-is-layout-flex\">\n<figure class=\"wp-block-image size-large\"><img decoding=\"async\" width=\"1200\" height=\"800\" data-id=\"6179\" src=\"https:\/\/www.martegaou.com\/wp-content\/uploads\/2022\/03\/camping-location-mobil-home-arquet.jpg\" alt=\"camping location mobil home arquet\" class=\"wp-image-6179\" srcset=\"https:\/\/www.martegaou.com\/wp-content\/uploads\/2022\/03\/camping-location-mobil-home-arquet.jpg 1200w, https:\/\/www.martegaou.com\/wp-content\/uploads\/2022\/03\/camping-location-mobil-home-arquet-300x200.jpg 300w, https:\/\/www.martegaou.com\/wp-content\/uploads\/2022\/03\/camping-location-mobil-home-arquet-1024x683.jpg 1024w, https:\/\/www.martegaou.com\/wp-content\/uploads\/2022\/03\/camping-location-mobil-home-arquet-768x512.jpg 768w\" sizes=\"(max-width: 1200px) 100vw, 1200px\" \/><\/figure>\n<\/figure>\n<\/div>\n<\/div>\n\n\r\n    <\/div>\r\n<\/section>\n\n<section id=\"ls-section-block_18b19413860be163a885c05971e76c46\" class=\"ls-section  page-three p-t-4 m-t-10 container-super-wide\" >\r\n        <div class=\"container container--full\">\r\n        \n\n<div class=\"wp-block-columns wp-block-columns-3 is-layout-flex wp-container-core-columns-is-layout-9d6595d7 wp-block-columns-is-layout-flex\">\n<div class=\"wp-block-column is-layout-flow wp-block-column-is-layout-flow\">\r\n<div id=\"ls-cta-block_d856eaac8f9c4ecc2a55be95eb706b64\" class=\"ls-cta\">  \r\n    \n\n<a href=\"https:\/\/www.martegaou.com\/camping-4-etoiles-martigues\/location-mobil-home-martigues\/\" target=\"\" rel=\"noopener\" class=\"ls-cta__link\">\n\n\t<div class=\"ls-cta__image\"><img decoding=\"async\" src=\"https:\/\/www.martegaou.com\/wp-content\/uploads\/2022\/03\/location-ctoncamping.jpg\" alt=\"location ctoncamping\"><\/div>\n\t<div class=\"ls-cta__text\">\n\t\t<div class=\"ls-cta__title\">\n\t\t\tMobilheime\t\t<\/div>\n\n\t\t\t\t\t<div class=\"ls-cta__description\">\n\t\t\t\tD\u00e9couvrir\t\t\t<\/div>\n\t\t\t<\/div>\n\n<\/a><\/div><\/div>\n\n\n\n<div class=\"wp-block-column is-layout-flow wp-block-column-is-layout-flow\">\r\n<div id=\"ls-cta-block_27de241d66b3195a75af0ceba468045c\" class=\"ls-cta\">  \r\n    \n\n<a href=\"https:\/\/www.martegaou.com\/camping-4-etoiles-martigues\/location-emplacement-martigues\/\" target=\"\" rel=\"noopener\" class=\"ls-cta__link\">\n\n\t<div class=\"ls-cta__image\"><img decoding=\"async\" src=\"https:\/\/www.martegaou.com\/wp-content\/uploads\/2022\/04\/location-emplacement-martigues-1.jpg\" alt=\"location emplacement martigues\"><\/div>\n\t<div class=\"ls-cta__text\">\n\t\t<div class=\"ls-cta__title\">\n\t\t\tEmplacements\t\t<\/div>\n\n\t\t\t\t\t<div class=\"ls-cta__description\">\n\t\t\t\tD\u00e9couvrir\t\t\t<\/div>\n\t\t\t<\/div>\n\n<\/a><\/div><\/div>\n\n\n\n<div class=\"wp-block-column is-vertically-aligned-center column-description is-layout-flow wp-block-column-is-layout-flow\">\n<h2 class=\"ls-heading wp-block-heading\">unterk\u00fcnfte und stellpl\u00e4tze an der Mittelmeerk\u00fcste<\/h2>\n\n\n\n<p class=\"ls-paragraph\">Buchen Sie an der C\u00f4te Bleue <a href=\"https:\/\/www.martegaou.com\/de\/campingplatz-4-sterne-martigues\/standort-mobil-home-martigues\/\">Ihr Standard-, Komfort- oder Premium-Mobilheim im L&#8217;Arquet<\/a>. Sie werden die \u00fcberdachte, halb \u00fcberdachte Terrasse zu sch\u00e4tzen wissen. Entspannung, Geselligkeit und Badespa\u00df sind garantiert.<\/p>\n\n\n\n<p class=\"ls-paragraph\">Reisen Sie mit dem Wohnmobil, Wohnwagen oder mit Ihrem Zelt? <a href=\"https:\/\/www.martegaou.com\/de\/campingplatz-4-sterne-martigues\/standort-verlagerung-martigues\/\">Mieten Sie einen Stellplatz<\/a> f\u00fcr einen Aufenthalt inmitten der Natur.<\/p>\n<\/div>\n<\/div>\n\n\r\n    <\/div>\r\n<\/section>","protected":false},"excerpt":{"rendered":"","protected":false},"author":1,"featured_media":5806,"parent":0,"menu_order":0,"comment_status":"closed","ping_status":"closed","template":"","meta":{"_acf_changed":false,"footnotes":""},"sujet":[],"class_list":["post-6669","page","type-page","status-publish","has-post-thumbnail","hentry"],"acf":[],"yoast_head":"<!-- This site is optimized with the Yoast SEO plugin v26.7 - https:\/\/yoast.com\/wordpress\/plugins\/seo\/ -->\n<title>4-Sterne-Campingplatz Martigues, Bouches-du-Rh\u00f4ne | Campingplatz der Arquet<\/title>\n<meta name=\"robots\" content=\"index, follow, max-snippet:-1, max-image-preview:large, max-video-preview:-1\" \/>\n<link rel=\"canonical\" href=\"https:\/\/www.martegaou.com\/de\/campingplatz-4-sterne-martigues\/\" \/>\n<meta property=\"og:locale\" content=\"de_DE\" \/>\n<meta property=\"og:type\" content=\"article\" \/>\n<meta property=\"og:title\" content=\"4-Sterne-Campingplatz Martigues, Bouches-du-Rh\u00f4ne | Campingplatz der Arquet\" \/>\n<meta property=\"og:url\" content=\"https:\/\/www.martegaou.com\/de\/campingplatz-4-sterne-martigues\/\" \/>\n<meta property=\"og:site_name\" content=\"Martegaou\" \/>\n<meta property=\"article:modified_time\" content=\"2022-12-14T08:55:54+00:00\" \/>\n<meta property=\"og:image\" content=\"https:\/\/www.martegaou.com\/wp-content\/uploads\/2022\/03\/vue-aerienne-camping-l-arquet-ctoncamping.jpg\" \/>\n\t<meta property=\"og:image:width\" content=\"1920\" \/>\n\t<meta property=\"og:image:height\" content=\"1080\" \/>\n\t<meta property=\"og:image:type\" content=\"image\/jpeg\" \/>\n<meta name=\"twitter:card\" content=\"summary_large_image\" \/>\n<meta name=\"twitter:label1\" content=\"Gesch\u00e4tzte Lesezeit\" \/>\n\t<meta name=\"twitter:data1\" content=\"3\u00a0Minuten\" \/>\n<script type=\"application\/ld+json\" class=\"yoast-schema-graph\">{\"@context\":\"https:\/\/schema.org\",\"@graph\":[{\"@type\":\"WebPage\",\"@id\":\"https:\/\/www.martegaou.com\/de\/campingplatz-4-sterne-martigues\/\",\"url\":\"https:\/\/www.martegaou.com\/de\/campingplatz-4-sterne-martigues\/\",\"name\":\"4-Sterne-Campingplatz Martigues, Bouches-du-Rh\u00f4ne | Campingplatz der Arquet\",\"isPartOf\":{\"@id\":\"https:\/\/www.martegaou.com\/#website\"},\"primaryImageOfPage\":{\"@id\":\"https:\/\/www.martegaou.com\/de\/campingplatz-4-sterne-martigues\/#primaryimage\"},\"image\":{\"@id\":\"https:\/\/www.martegaou.com\/de\/campingplatz-4-sterne-martigues\/#primaryimage\"},\"thumbnailUrl\":\"https:\/\/www.martegaou.com\/wp-content\/uploads\/2022\/03\/vue-aerienne-camping-l-arquet-ctoncamping.jpg\",\"datePublished\":\"2022-03-24T09:03:24+00:00\",\"dateModified\":\"2022-12-14T08:55:54+00:00\",\"breadcrumb\":{\"@id\":\"https:\/\/www.martegaou.com\/de\/campingplatz-4-sterne-martigues\/#breadcrumb\"},\"inLanguage\":\"de\",\"potentialAction\":[{\"@type\":\"ReadAction\",\"target\":[\"https:\/\/www.martegaou.com\/de\/campingplatz-4-sterne-martigues\/\"]}]},{\"@type\":\"ImageObject\",\"inLanguage\":\"de\",\"@id\":\"https:\/\/www.martegaou.com\/de\/campingplatz-4-sterne-martigues\/#primaryimage\",\"url\":\"https:\/\/www.martegaou.com\/wp-content\/uploads\/2022\/03\/vue-aerienne-camping-l-arquet-ctoncamping.jpg\",\"contentUrl\":\"https:\/\/www.martegaou.com\/wp-content\/uploads\/2022\/03\/vue-aerienne-camping-l-arquet-ctoncamping.jpg\",\"width\":1920,\"height\":1080,\"caption\":\"vue aerienne camping larquet ctoncamping\"},{\"@type\":\"BreadcrumbList\",\"@id\":\"https:\/\/www.martegaou.com\/de\/campingplatz-4-sterne-martigues\/#breadcrumb\",\"itemListElement\":[{\"@type\":\"ListItem\",\"position\":1,\"name\":\"Camping Bouches-du-Rh\u00f4ne\",\"item\":\"https:\/\/www.martegaou.com\/de\/\"},{\"@type\":\"ListItem\",\"position\":2,\"name\":\"Qualit\u00e4tscampingplatz in Martigues\"}]},{\"@type\":\"WebSite\",\"@id\":\"https:\/\/www.martegaou.com\/#website\",\"url\":\"https:\/\/www.martegaou.com\/\",\"name\":\"Martegaou\",\"description\":\"\",\"publisher\":{\"@id\":\"https:\/\/www.martegaou.com\/#organization\"},\"potentialAction\":[{\"@type\":\"SearchAction\",\"target\":{\"@type\":\"EntryPoint\",\"urlTemplate\":\"https:\/\/www.martegaou.com\/?s={search_term_string}\"},\"query-input\":{\"@type\":\"PropertyValueSpecification\",\"valueRequired\":true,\"valueName\":\"search_term_string\"}}],\"inLanguage\":\"de\"},{\"@type\":\"Organization\",\"@id\":\"https:\/\/www.martegaou.com\/#organization\",\"name\":\"Ctoncamping\",\"url\":\"https:\/\/www.martegaou.com\/\",\"logo\":{\"@type\":\"ImageObject\",\"inLanguage\":\"de\",\"@id\":\"https:\/\/www.martegaou.com\/#\/schema\/logo\/image\/\",\"url\":\"https:\/\/www.martegaou.com\/wp-content\/uploads\/2022\/03\/logo-alt-ctoncamping.png\",\"contentUrl\":\"https:\/\/www.martegaou.com\/wp-content\/uploads\/2022\/03\/logo-alt-ctoncamping.png\",\"width\":402,\"height\":72,\"caption\":\"Ctoncamping\"},\"image\":{\"@id\":\"https:\/\/www.martegaou.com\/#\/schema\/logo\/image\/\"}}]}<\/script>\n<!-- \/ Yoast SEO plugin. -->","yoast_head_json":{"title":"4-Sterne-Campingplatz Martigues, Bouches-du-Rh\u00f4ne | Campingplatz der Arquet","robots":{"index":"index","follow":"follow","max-snippet":"max-snippet:-1","max-image-preview":"max-image-preview:large","max-video-preview":"max-video-preview:-1"},"canonical":"https:\/\/www.martegaou.com\/de\/campingplatz-4-sterne-martigues\/","og_locale":"de_DE","og_type":"article","og_title":"4-Sterne-Campingplatz Martigues, Bouches-du-Rh\u00f4ne | Campingplatz der Arquet","og_url":"https:\/\/www.martegaou.com\/de\/campingplatz-4-sterne-martigues\/","og_site_name":"Martegaou","article_modified_time":"2022-12-14T08:55:54+00:00","og_image":[{"width":1920,"height":1080,"url":"https:\/\/www.martegaou.com\/wp-content\/uploads\/2022\/03\/vue-aerienne-camping-l-arquet-ctoncamping.jpg","type":"image\/jpeg"}],"twitter_card":"summary_large_image","twitter_misc":{"Gesch\u00e4tzte Lesezeit":"3\u00a0Minuten"},"schema":{"@context":"https:\/\/schema.org","@graph":[{"@type":"WebPage","@id":"https:\/\/www.martegaou.com\/de\/campingplatz-4-sterne-martigues\/","url":"https:\/\/www.martegaou.com\/de\/campingplatz-4-sterne-martigues\/","name":"4-Sterne-Campingplatz Martigues, Bouches-du-Rh\u00f4ne | Campingplatz der Arquet","isPartOf":{"@id":"https:\/\/www.martegaou.com\/#website"},"primaryImageOfPage":{"@id":"https:\/\/www.martegaou.com\/de\/campingplatz-4-sterne-martigues\/#primaryimage"},"image":{"@id":"https:\/\/www.martegaou.com\/de\/campingplatz-4-sterne-martigues\/#primaryimage"},"thumbnailUrl":"https:\/\/www.martegaou.com\/wp-content\/uploads\/2022\/03\/vue-aerienne-camping-l-arquet-ctoncamping.jpg","datePublished":"2022-03-24T09:03:24+00:00","dateModified":"2022-12-14T08:55:54+00:00","breadcrumb":{"@id":"https:\/\/www.martegaou.com\/de\/campingplatz-4-sterne-martigues\/#breadcrumb"},"inLanguage":"de","potentialAction":[{"@type":"ReadAction","target":["https:\/\/www.martegaou.com\/de\/campingplatz-4-sterne-martigues\/"]}]},{"@type":"ImageObject","inLanguage":"de","@id":"https:\/\/www.martegaou.com\/de\/campingplatz-4-sterne-martigues\/#primaryimage","url":"https:\/\/www.martegaou.com\/wp-content\/uploads\/2022\/03\/vue-aerienne-camping-l-arquet-ctoncamping.jpg","contentUrl":"https:\/\/www.martegaou.com\/wp-content\/uploads\/2022\/03\/vue-aerienne-camping-l-arquet-ctoncamping.jpg","width":1920,"height":1080,"caption":"vue aerienne camping larquet ctoncamping"},{"@type":"BreadcrumbList","@id":"https:\/\/www.martegaou.com\/de\/campingplatz-4-sterne-martigues\/#breadcrumb","itemListElement":[{"@type":"ListItem","position":1,"name":"Camping Bouches-du-Rh\u00f4ne","item":"https:\/\/www.martegaou.com\/de\/"},{"@type":"ListItem","position":2,"name":"Qualit\u00e4tscampingplatz in Martigues"}]},{"@type":"WebSite","@id":"https:\/\/www.martegaou.com\/#website","url":"https:\/\/www.martegaou.com\/","name":"Martegaou","description":"","publisher":{"@id":"https:\/\/www.martegaou.com\/#organization"},"potentialAction":[{"@type":"SearchAction","target":{"@type":"EntryPoint","urlTemplate":"https:\/\/www.martegaou.com\/?s={search_term_string}"},"query-input":{"@type":"PropertyValueSpecification","valueRequired":true,"valueName":"search_term_string"}}],"inLanguage":"de"},{"@type":"Organization","@id":"https:\/\/www.martegaou.com\/#organization","name":"Ctoncamping","url":"https:\/\/www.martegaou.com\/","logo":{"@type":"ImageObject","inLanguage":"de","@id":"https:\/\/www.martegaou.com\/#\/schema\/logo\/image\/","url":"https:\/\/www.martegaou.com\/wp-content\/uploads\/2022\/03\/logo-alt-ctoncamping.png","contentUrl":"https:\/\/www.martegaou.com\/wp-content\/uploads\/2022\/03\/logo-alt-ctoncamping.png","width":402,"height":72,"caption":"Ctoncamping"},"image":{"@id":"https:\/\/www.martegaou.com\/#\/schema\/logo\/image\/"}}]}},"_links":{"self":[{"href":"https:\/\/www.martegaou.com\/de\/wp-json\/wp\/v2\/pages\/6669","targetHints":{"allow":["GET"]}}],"collection":[{"href":"https:\/\/www.martegaou.com\/de\/wp-json\/wp\/v2\/pages"}],"about":[{"href":"https:\/\/www.martegaou.com\/de\/wp-json\/wp\/v2\/types\/page"}],"author":[{"embeddable":true,"href":"https:\/\/www.martegaou.com\/de\/wp-json\/wp\/v2\/users\/1"}],"replies":[{"embeddable":true,"href":"https:\/\/www.martegaou.com\/de\/wp-json\/wp\/v2\/comments?post=6669"}],"version-history":[{"count":14,"href":"https:\/\/www.martegaou.com\/de\/wp-json\/wp\/v2\/pages\/6669\/revisions"}],"predecessor-version":[{"id":8246,"href":"https:\/\/www.martegaou.com\/de\/wp-json\/wp\/v2\/pages\/6669\/revisions\/8246"}],"wp:featuredmedia":[{"embeddable":true,"href":"https:\/\/www.martegaou.com\/de\/wp-json\/wp\/v2\/media\/5806"}],"wp:attachment":[{"href":"https:\/\/www.martegaou.com\/de\/wp-json\/wp\/v2\/media?parent=6669"}],"wp:term":[{"taxonomy":"sujet","embeddable":true,"href":"https:\/\/www.martegaou.com\/de\/wp-json\/wp\/v2\/sujet?post=6669"}],"curies":[{"name":"wp","href":"https:\/\/api.w.org\/{rel}","templated":true}]}}