{"id":6924,"date":"2022-03-04T16:34:25","date_gmt":"2022-03-04T15:34:25","guid":{"rendered":"https:\/\/www.martegaou.com\/accueil\/"},"modified":"2022-06-30T15:45:01","modified_gmt":"2022-06-30T13:45:01","slug":"accueil","status":"publish","type":"page","link":"https:\/\/www.martegaou.com\/de\/","title":{"rendered":"Accueil"},"content":{"rendered":"<section id=\"ls-section-block_6225c7b66689d\" class=\"ls-section  home-first\" >\r\n        <div class=\"container \">\r\n        \n\n<h1 class=\"ls__heading has-text-align-center wp-block-heading\">Entdecken Sie die verschiedenen Orte<br><span>CTonCamping<\/span><\/h1>\n\n\n\r\n<div id=\"ls-campings-block_6229fdaa8f0ce\" class=\"ls-campings\">\r\n                <div class=\"ls-campings__results\">\r\n                                            <div class=\"ls-camping\" data-id-site=\"4897\">\r\n                    <a href=\"https:\/\/www.martegaou.com\/camping-4-etoiles-martigues\/\" title=\"L&#8217;Arquet\">\r\n                        <div class=\"ls-camping__thumbnail\">\r\n                                                            <img decoding=\"async\" width=\"480\" height=\"530\" src=\"https:\/\/www.martegaou.com\/wp-content\/uploads\/2022\/03\/camping-arquet-martigues.jpg\" class=\"attachment-large size-large wp-post-image\" alt=\"camping arquet martigues\" srcset=\"https:\/\/www.martegaou.com\/wp-content\/uploads\/2022\/03\/camping-arquet-martigues.jpg 480w, https:\/\/www.martegaou.com\/wp-content\/uploads\/2022\/03\/camping-arquet-martigues-272x300.jpg 272w\" sizes=\"(max-width: 480px) 100vw, 480px\" \/>                            \r\n                        <\/div>\r\n                        <div class=\"ls-camping__content\">\r\n                            <div class=\"ls-camping__content__wrap\">\r\n                                <div class=\"ls-camping__description\">\r\n                                                                                                                    <img decoding=\"async\" src=\"https:\/\/www.martegaou.com\/wp-content\/uploads\/2022\/03\/logo-arquet-ctoncamping.png\" alt=\"L&#8217;Arquet\">\r\n                                                                        4 Sterne in MARTIGUES                                <\/div>\r\n                            <\/div>\r\n                        <\/div>\r\n                    <\/a>\r\n                <\/div>\r\n                                            <div class=\"ls-camping\" data-id-site=\"4889\">\r\n                    <a href=\"https:\/\/www.martegaou.com\/residence-vacances-martigues\/\" title=\"Chalets de la Mer\">\r\n                        <div class=\"ls-camping__thumbnail\">\r\n                                                            <img decoding=\"async\" width=\"1024\" height=\"683\" src=\"https:\/\/www.martegaou.com\/wp-content\/uploads\/2022\/05\/chalet-en-ete-1024x683.png\" class=\"attachment-large size-large wp-post-image\" alt=\"terrasse de chalet\" srcset=\"https:\/\/www.martegaou.com\/wp-content\/uploads\/2022\/05\/chalet-en-ete-1024x683.png 1024w, https:\/\/www.martegaou.com\/wp-content\/uploads\/2022\/05\/chalet-en-ete-300x200.png 300w, https:\/\/www.martegaou.com\/wp-content\/uploads\/2022\/05\/chalet-en-ete-768x512.png 768w, https:\/\/www.martegaou.com\/wp-content\/uploads\/2022\/05\/chalet-en-ete.png 1200w\" sizes=\"(max-width: 1024px) 100vw, 1024px\" \/>                            \r\n                        <\/div>\r\n                        <div class=\"ls-camping__content\">\r\n                            <div class=\"ls-camping__content__wrap\">\r\n                                <div class=\"ls-camping__description\">\r\n                                                                                                                    <img decoding=\"async\" src=\"https:\/\/www.martegaou.com\/wp-content\/uploads\/2022\/03\/logo-les-chalets-de-la-mer-ctoncamping-2.png\" alt=\"Chalets de la Mer\">\r\n                                                                        4 Sterne in Martigues                                <\/div>\r\n                            <\/div>\r\n                        <\/div>\r\n                    <\/a>\r\n                <\/div>\r\n                                <\/div>\r\n    \r\n<\/div>\n\n\n<h2 class=\"ls__heading has-text-align-center wp-block-heading\">Campingplatz Martigues am Mittelmeer<\/h2>\n\n\n\n<p class=\"ls-paragraph has-text-align-center\">Am Meer, im Departement Bouches-du-Rh\u00f4ne, empf\u00e4ngt Sie Ctoncamping auf seinen Campingpl\u00e4tzen in der N\u00e4he von Martigues &#8222;La Venise Proven\u00e7ale&#8220; f\u00fcr einen einzigartigen Aufenthalt in einer nat\u00fcrlichen Umgebung. In der N\u00e4he von Marseille, der Stadt der Phok\u00e9ne und Aix-En-Provence. Genie\u00dfen Sie die Mittelmeerk\u00fcste und ihre noch erhaltenen Naturr\u00e4ume.<br>L&#8216;<a href=\"\/de\/campingplatz-4-sterne-martigues\/\">Arquet<\/a> hat <a href=\"\/de\/camping-am-meer-martigues\/\">direkten Zugang zu den Buchten der C\u00f4te Bleue<\/a> und bietet einen herrlichen Panoramablick vom Infinity-Pool aus.<br>Les <a href=\"https:\/\/www.martegaou.com\/de\/ferienresidenz-martigues\/\">Chalets de la Mer<\/a> verf\u00fcgen ihrerseits \u00fcber eine ruhige Umgebung und einen gr\u00fcnen Rahmen, in der N\u00e4he des Fischerhafens von Carro in einer herzlichen und geselligen Atmosph\u00e4re.<\/p>\n\n\r\n    <\/div>\r\n<\/section>\n\n<section id=\"ls-section-block_6225ca26668a1\" class=\"ls-section  home-second container-super-wide\" >\r\n        <div class=\"container container--full\">\r\n        \n\n<div class=\"wp-block-columns wp-block-columns-3 is-layout-flex wp-container-core-columns-is-layout-9d6595d7 wp-block-columns-is-layout-flex\">\n<div class=\"wp-block-column column-description column-description__piscine is-layout-flow wp-block-column-is-layout-flow\">\n<h2 class=\"ls-heading wp-block-heading\">Unsere Schwimmb\u00e4der und Wasserfl\u00e4chen an der blauen K\u00fcste<\/h2>\n\n\n\n<p class=\"ls-paragraph\">Die Wasserbereiche von Arquet und <a href=\"\/de\/ferienresidenz-martigues\/residence-ferien-wasserpark-martigues\/\">Les Chalets de la Mer<\/a> bieten Ihnen Momente des Badens und der Entspannung.&nbsp;<\/p>\n\n\n\n<p class=\"ls-paragraph\">Dann k\u00f6nnen Sie Poolpartys und Olympiaden, Wasserpolospiele, Wasserweckrufe sowie Einf\u00fchrungen ins Tauchen im <a href=\"\/de\/campingplatz-4-sterne-martigues\/camping-schwimmbad-martigues\/\">Schwimmbad von Arquet<\/a> mit dem Team des Clubs Plein Bleu Plong\u00e9e genie\u00dfen.<\/p>\n<\/div>\n\n\n\n<div class=\"wp-block-column no-margin-respo is-layout-flow wp-block-column-is-layout-flow\">\r\n<div id=\"ls-cta-block_6225dd88668a2\" class=\"ls-cta\">  \r\n    \n\n<a href=\"\/de\/campingplatz-4-sterne-martigues\/camping-schwimmbad-martigues\/\" target=\"\" rel=\"noopener\" class=\"ls-cta__link\">\n\n\t<div class=\"ls-cta__image\"><img decoding=\"async\" src=\"https:\/\/www.martegaou.com\/wp-content\/uploads\/2022\/05\/piscine-chalets-de-la-mer-ctoncamping-768x488.jpg\" alt=\"piscine chalets de la mer ctoncamping\"><\/div>\n\t<div class=\"ls-cta__text\">\n\t\t<div class=\"ls-cta__title\">\n\t\t\tDer Fischteich\t\t<\/div>\n\n\t\t\t\t\t<div class=\"ls-cta__description\">\n\t\t\t\tL&#8217;Arquet\t\t\t<\/div>\n\t\t\t<\/div>\n\n<\/a><\/div><\/div>\n\n\n\n<div class=\"wp-block-column is-layout-flow wp-block-column-is-layout-flow\">\r\n<div id=\"ls-cta-block_6225ddc1668a3\" class=\"ls-cta\">  \r\n    \n\n<a href=\"\/de\/ferienresidenz-martigues\/residence-ferien-wasserpark-martigues\/\" target=\"\" rel=\"noopener\" class=\"ls-cta__link\">\n\n\t<div class=\"ls-cta__image\"><img decoding=\"async\" src=\"https:\/\/www.martegaou.com\/wp-content\/uploads\/2022\/03\/piscine-l-arquet-ctoncamping-768x576.jpg\" alt=\"piscine l arquet ctoncamping\"><\/div>\n\t<div class=\"ls-cta__text\">\n\t\t<div class=\"ls-cta__title\">\n\t\t\tDer Fischteich\t\t<\/div>\n\n\t\t\t\t\t<div class=\"ls-cta__description\">\n\t\t\t\tLes Chalets de la Mer\t\t\t<\/div>\n\t\t\t<\/div>\n\n<\/a><\/div><\/div>\n<\/div>\n\n\r\n    <\/div>\r\n<\/section>\n\n<section id=\"ls-section-block_6225de5b668a4\" class=\"ls-section  home-third p-b-4 m-b-10 container-super-wide\" >\r\n        <div class=\"container container--full\">\r\n        \n\n<div class=\"wp-block-columns wp-block-columns-3 is-layout-flex wp-container-core-columns-is-layout-9d6595d7 wp-block-columns-is-layout-flex\">\n<div class=\"wp-block-column is-layout-flow wp-block-column-is-layout-flow\">\r\n<div id=\"ls-cta-block_62276ed0d5a27\" class=\"ls-cta\">  \r\n    \n\n<a href=\"\/de\/campingplatz-4-sterne-martigues\/standort-mobil-home-martigues\/\" target=\"\" rel=\"noopener\" class=\"ls-cta__link\">\n\n\t<div class=\"ls-cta__image\"><img decoding=\"async\" src=\"https:\/\/www.martegaou.com\/wp-content\/uploads\/2022\/05\/mobil-home-arquet-ctoncamping-768x687.jpg\" alt=\"mobil home arquet ctoncamping\"><\/div>\n\t<div class=\"ls-cta__text\">\n\t\t<div class=\"ls-cta__title\">\n\t\t\tDie Mobilheime\t\t<\/div>\n\n\t\t\t\t\t<div class=\"ls-cta__description\">\n\t\t\t\tDer Arquet\t\t\t<\/div>\n\t\t\t<\/div>\n\n<\/a><\/div><\/div>\n\n\n\n<div class=\"wp-block-column is-layout-flow wp-block-column-is-layout-flow\">\r\n<div id=\"ls-cta-block_62276ee6d5a28\" class=\"ls-cta\">  \r\n    \n\n<a href=\"https:\/\/www.martegaou.com\/de\/ferienresidenz-martigues\/stellung-chalet-martigues\/\" target=\"\" rel=\"noopener\" class=\"ls-cta__link\">\n\n\t<div class=\"ls-cta__image\"><img decoding=\"async\" src=\"https:\/\/www.martegaou.com\/wp-content\/uploads\/2022\/05\/chalet-les-chalets-de-la-mer-ctoncamping-768x730.jpg\" alt=\"chalet les chalets de la mer ctoncamping\"><\/div>\n\t<div class=\"ls-cta__text\">\n\t\t<div class=\"ls-cta__title\">\n\t\t\tDie H\u00fctten\t\t<\/div>\n\n\t\t\t\t\t<div class=\"ls-cta__description\">\n\t\t\t\tDie Chalets de la Mer\t\t\t<\/div>\n\t\t\t<\/div>\n\n<\/a><\/div><\/div>\n\n\n\n<div class=\"wp-block-column column-description column-description__hebergement is-layout-flow wp-block-column-is-layout-flow\">\n<h2 class=\"ls-heading wp-block-heading\">Unsere Ctoncamping-Unterk\u00fcnfte<\/h2>\n\n\n\n<p class=\"ls-paragraph\">Die Einrichtungen von Ctoncamping bieten Ihnen Mietunterk\u00fcnfte verschiedener Kategorien, die komplett ausgestattet sind, um Ihnen einen unvergesslichen Aufenthalt im S\u00fcden in der Umgebung von Martigues zu erm\u00f6glichen.<br>Traditionelle Camper hei\u00dfen Sie mit Ihrem Zelt, Wohnwagen oder Wohnmobil in L&#8217;Arquet willkommen. Entdecken Sie unsere Stellpl\u00e4tze inmitten von Pinien.<\/p>\n\n\n\n<p class=\"ls-paragraph\">Sie k\u00f6nnen sich auch f\u00fcr mehr Komfort entscheiden, <a href=\"\/de\/campingplatz-4-sterne-martigues\/standort-mobil-home-martigues\/\">indem Sie ein Mobilheim mit einer schattigen Terrasse mieten<\/a>. Les Chalets de la Mer verf\u00fcgt \u00fcber 6 Kategorien von <a href=\"https:\/\/www.martegaou.com\/de\/ferienresidenz-martigues\/stellung-chalet-martigues\/\">Miet-Chalets<\/a>, die Sie je nach Ihren Bed\u00fcrfnissen buchen k\u00f6nnen.<\/p>\n\n\n\n<p class=\"ls-paragraph\">Unsere Teams stehen Ihnen zur Verf\u00fcgung und begleiten Sie bei Ihrem Urlaub oder der <a href=\"\/de\/camping-veranstaltung-martigues\/\">Organisation Ihrer Veranstaltungen<\/a>, Hochzeiten und Seminare.<\/p>\n<\/div>\n<\/div>\n\n\r\n    <\/div>\r\n<\/section>\n\n<section id=\"ls-section-block_6225ded2668a5\" class=\"ls-section  home-fourth p-b-5 m-b-0 has-background has-color-3-background-color\" >\r\n        <div class=\"container container--wide\">\r\n        \n\n<h2 class=\"ls__heading has-text-align-center wp-block-heading\">Entdecken Sie die Umgebung<\/h2>\n\n\n\n<p class=\"ls-paragraph has-text-align-center\">Willkommen in <a href=\"\/de\/tourismus-bouches-du-rhone\/\">Bouches-du-Rh\u00f4ne<\/a> einer Region, die ideal zwischen Marseille, dem Verdon, Aix en Provence und der Camargue gelegen ist und Ihnen abwechslungsreiche Landschaften bietet, die Sie unbedingt besuchen sollten.<\/p>\n\n\n\n<p class=\"ls-paragraph has-text-align-center\">Genie\u00dfen Sie das mediterrane Klima, die Gastronomie und die <a href=\"\/de\/events-regional-martigues\/\">lokalen Aktivit\u00e4ten in dieser Region<\/a>.<\/p>\n\n\r\n    <\/div>\r\n<\/section>\n\n<section id=\"ls-section-block_622b4a2d9ea98\" class=\"ls-section  home-fifth cta-galerie m-t-0 p-t-0 container-super-wide has-background has-color-3-background-color\" >\r\n        <div class=\"container container--full\">\r\n        \n\n<div class=\"wp-block-columns is-layout-flex wp-container-core-columns-is-layout-9d6595d7 wp-block-columns-is-layout-flex\">\n<div class=\"wp-block-column is-layout-flow wp-block-column-is-layout-flow\">\r\n<div id=\"ls-cta-block_622b035d4ccde\" class=\"ls-cta animated fadeInUp slow\">  \r\n    \n\n<a href=\"\/de\/tourismus-bouches-du-rhone\/#section-aix-en-provence\" target=\"\" rel=\"noopener\" class=\"ls-cta__link\">\n\n\t<div class=\"ls-cta__image\"><img decoding=\"async\" src=\"https:\/\/www.martegaou.com\/wp-content\/uploads\/2022\/04\/visiter-aix-en-provence.jpg\" alt=\"visiter aix en provence\"><\/div>\n\t<div class=\"ls-cta__text\">\n\t\t<div class=\"ls-cta__title\">\n\t\t\tAix-en-Provence\t\t<\/div>\n\n\t\t\t\t\t<div class=\"ls-cta__description\">\n\t\t\t\tEntdecken Sie +\t\t\t<\/div>\n\t\t\t<\/div>\n\n<\/a><\/div>\n\n\r\n<div id=\"ls-cta-block_622b03c64cce1\" class=\"ls-cta animated fadeInUp slow\">  \r\n    \n\n<a href=\"\/de\/tourismus-bouches-du-rhone\/#section-verdon\" target=\"\" rel=\"noopener\" class=\"ls-cta__link\">\n\n\t<div class=\"ls-cta__image\"><img decoding=\"async\" src=\"https:\/\/www.martegaou.com\/wp-content\/uploads\/2022\/03\/gordes-ctoncamping.jpg\" alt=\"gordes ctoncamping\"><\/div>\n\t<div class=\"ls-cta__text\">\n\t\t<div class=\"ls-cta__title\">\n\t\t\tVerdon\t\t<\/div>\n\n\t\t\t\t\t<div class=\"ls-cta__description\">\n\t\t\t\tEntdecken Sie +\t\t\t<\/div>\n\t\t\t<\/div>\n\n<\/a><\/div><\/div>\n\n\n\n<div class=\"wp-block-column is-layout-flow wp-block-column-is-layout-flow\">\r\n<div id=\"ls-cta-block_622b03b94ccdf\" class=\"ls-cta animated fadeInUp delay-100ms slow\">  \r\n    \n\n<a href=\"\/de\/tourismus-bouches-du-rhone\/#section-martigues\" target=\"\" rel=\"noopener\" class=\"ls-cta__link\">\n\n\t<div class=\"ls-cta__image\"><img decoding=\"async\" src=\"https:\/\/www.martegaou.com\/wp-content\/uploads\/2022\/03\/martigues-ctoncaming.jpg\" alt=\"martigues ctoncaming\"><\/div>\n\t<div class=\"ls-cta__text\">\n\t\t<div class=\"ls-cta__title\">\n\t\t\tMusikfest in Martigues\t\t<\/div>\n\n\t\t\t\t\t<div class=\"ls-cta__description\">\n\t\t\t\tEntdecken Sie +\t\t\t<\/div>\n\t\t\t<\/div>\n\n<\/a><\/div>\n\n\r\n<div id=\"ls-cta-block_622b03ce4cce2\" class=\"ls-cta animated fadeInUp delay-100ms slow\">  \r\n    \n\n<a href=\"\/de\/tourismus-bouches-du-rhone\/#section-delta-festival\" target=\"\" rel=\"noopener\" class=\"ls-cta__link\">\n\n\t<div class=\"ls-cta__image\"><img decoding=\"async\" src=\"https:\/\/www.martegaou.com\/wp-content\/uploads\/2022\/04\/visiter-marseille.jpg\" alt=\"visiter marseille\"><\/div>\n\t<div class=\"ls-cta__text\">\n\t\t<div class=\"ls-cta__title\">\n\t\t\tDelta-Festival in Marseille\t\t<\/div>\n\n\t\t\t\t\t<div class=\"ls-cta__description\">\n\t\t\t\tEntdecken Sie +\t\t\t<\/div>\n\t\t\t<\/div>\n\n<\/a><\/div><\/div>\n\n\n\n<div class=\"wp-block-column is-layout-flow wp-block-column-is-layout-flow\">\r\n<div id=\"ls-cta-block_622b03c14cce0\" class=\"ls-cta animated fadeInUp delay-200ms slow\">  \r\n    \n\n<a href=\"\/de\/tourismus-bouches-du-rhone\/#section-marseille\" target=\"\" rel=\"noopener\" class=\"ls-cta__link\">\n\n\t<div class=\"ls-cta__image\"><img decoding=\"async\" src=\"https:\/\/www.martegaou.com\/wp-content\/uploads\/2022\/03\/marseille-ctoncamping.jpg\" alt=\"marseille ctoncamping\"><\/div>\n\t<div class=\"ls-cta__text\">\n\t\t<div class=\"ls-cta__title\">\n\t\t\tMarseille\t\t<\/div>\n\n\t\t\t\t\t<div class=\"ls-cta__description\">\n\t\t\t\tEntdecken Sie +\t\t\t<\/div>\n\t\t\t<\/div>\n\n<\/a><\/div>\n\n\r\n<div id=\"ls-cta-block_622b03d44cce3\" class=\"ls-cta animated fadeInUp delay-200ms slow\">  \r\n    \n\n<a href=\"\/de\/tourismus-bouches-du-rhone\/#section-sardinades\" target=\"\" rel=\"noopener\" class=\"ls-cta__link\">\n\n\t<div class=\"ls-cta__image\"><img decoding=\"async\" src=\"https:\/\/www.martegaou.com\/wp-content\/uploads\/2022\/04\/sejour-martigues.jpg\" alt=\"sejour martigues\"><\/div>\n\t<div class=\"ls-cta__text\">\n\t\t<div class=\"ls-cta__title\">\n\t\t\tSardinaden in Martigues\t\t<\/div>\n\n\t\t\t\t\t<div class=\"ls-cta__description\">\n\t\t\t\tEntdecken Sie +\t\t\t<\/div>\n\t\t\t<\/div>\n\n<\/a><\/div><\/div>\n<\/div>\n\n\r\n    <\/div>\r\n<\/section>","protected":false},"excerpt":{"rendered":"","protected":false},"author":1,"featured_media":0,"parent":0,"menu_order":0,"comment_status":"closed","ping_status":"closed","template":"","meta":{"_acf_changed":false,"footnotes":""},"sujet":[],"class_list":["post-6924","page","type-page","status-publish","hentry"],"acf":[],"yoast_head":"<!-- This site is optimized with the Yoast SEO plugin v26.7 - https:\/\/yoast.com\/wordpress\/plugins\/seo\/ -->\n<title>Campingpl\u00e4tze Bouches-du-Rh\u00f4ne | Ctoncamping Martigues | Touristra Urlaub<\/title>\n<meta name=\"robots\" content=\"index, follow, max-snippet:-1, max-image-preview:large, max-video-preview:-1\" \/>\n<link rel=\"canonical\" href=\"https:\/\/www.martegaou.com\/de\/\" \/>\n<meta property=\"og:locale\" content=\"de_DE\" \/>\n<meta property=\"og:type\" content=\"article\" \/>\n<meta property=\"og:title\" content=\"Campingpl\u00e4tze Bouches-du-Rh\u00f4ne | Ctoncamping Martigues | Touristra Urlaub\" \/>\n<meta property=\"og:url\" content=\"https:\/\/www.martegaou.com\/de\/\" \/>\n<meta property=\"og:site_name\" content=\"Martegaou\" \/>\n<meta property=\"article:modified_time\" content=\"2022-06-30T13:45:01+00:00\" \/>\n<meta name=\"twitter:card\" content=\"summary_large_image\" \/>\n<meta name=\"twitter:label1\" content=\"Gesch\u00e4tzte Lesezeit\" \/>\n\t<meta name=\"twitter:data1\" content=\"2\u00a0Minuten\" \/>\n<script type=\"application\/ld+json\" class=\"yoast-schema-graph\">{\"@context\":\"https:\/\/schema.org\",\"@graph\":[{\"@type\":\"WebPage\",\"@id\":\"https:\/\/www.martegaou.com\/de\/\",\"url\":\"https:\/\/www.martegaou.com\/de\/\",\"name\":\"Campingpl\u00e4tze Bouches-du-Rh\u00f4ne | Ctoncamping Martigues | Touristra Urlaub\",\"isPartOf\":{\"@id\":\"https:\/\/www.martegaou.com\/#website\"},\"datePublished\":\"2022-03-04T15:34:25+00:00\",\"dateModified\":\"2022-06-30T13:45:01+00:00\",\"breadcrumb\":{\"@id\":\"https:\/\/www.martegaou.com\/de\/#breadcrumb\"},\"inLanguage\":\"de\",\"potentialAction\":[{\"@type\":\"ReadAction\",\"target\":[\"https:\/\/www.martegaou.com\/de\/\"]}]},{\"@type\":\"BreadcrumbList\",\"@id\":\"https:\/\/www.martegaou.com\/de\/#breadcrumb\",\"itemListElement\":[{\"@type\":\"ListItem\",\"position\":1,\"name\":\"Camping Bouches-du-Rh\u00f4ne\",\"item\":\"https:\/\/www.martegaou.com\/de\/\"},{\"@type\":\"ListItem\",\"position\":2,\"name\":\"Accueil\"}]},{\"@type\":\"WebSite\",\"@id\":\"https:\/\/www.martegaou.com\/#website\",\"url\":\"https:\/\/www.martegaou.com\/\",\"name\":\"Martegaou\",\"description\":\"\",\"publisher\":{\"@id\":\"https:\/\/www.martegaou.com\/#organization\"},\"potentialAction\":[{\"@type\":\"SearchAction\",\"target\":{\"@type\":\"EntryPoint\",\"urlTemplate\":\"https:\/\/www.martegaou.com\/?s={search_term_string}\"},\"query-input\":{\"@type\":\"PropertyValueSpecification\",\"valueRequired\":true,\"valueName\":\"search_term_string\"}}],\"inLanguage\":\"de\"},{\"@type\":\"Organization\",\"@id\":\"https:\/\/www.martegaou.com\/#organization\",\"name\":\"Ctoncamping\",\"url\":\"https:\/\/www.martegaou.com\/\",\"logo\":{\"@type\":\"ImageObject\",\"inLanguage\":\"de\",\"@id\":\"https:\/\/www.martegaou.com\/#\/schema\/logo\/image\/\",\"url\":\"https:\/\/www.martegaou.com\/wp-content\/uploads\/2022\/03\/logo-alt-ctoncamping.png\",\"contentUrl\":\"https:\/\/www.martegaou.com\/wp-content\/uploads\/2022\/03\/logo-alt-ctoncamping.png\",\"width\":402,\"height\":72,\"caption\":\"Ctoncamping\"},\"image\":{\"@id\":\"https:\/\/www.martegaou.com\/#\/schema\/logo\/image\/\"}}]}<\/script>\n<!-- \/ Yoast SEO plugin. -->","yoast_head_json":{"title":"Campingpl\u00e4tze Bouches-du-Rh\u00f4ne | Ctoncamping Martigues | Touristra Urlaub","robots":{"index":"index","follow":"follow","max-snippet":"max-snippet:-1","max-image-preview":"max-image-preview:large","max-video-preview":"max-video-preview:-1"},"canonical":"https:\/\/www.martegaou.com\/de\/","og_locale":"de_DE","og_type":"article","og_title":"Campingpl\u00e4tze Bouches-du-Rh\u00f4ne | Ctoncamping Martigues | Touristra Urlaub","og_url":"https:\/\/www.martegaou.com\/de\/","og_site_name":"Martegaou","article_modified_time":"2022-06-30T13:45:01+00:00","twitter_card":"summary_large_image","twitter_misc":{"Gesch\u00e4tzte Lesezeit":"2\u00a0Minuten"},"schema":{"@context":"https:\/\/schema.org","@graph":[{"@type":"WebPage","@id":"https:\/\/www.martegaou.com\/de\/","url":"https:\/\/www.martegaou.com\/de\/","name":"Campingpl\u00e4tze Bouches-du-Rh\u00f4ne | Ctoncamping Martigues | Touristra Urlaub","isPartOf":{"@id":"https:\/\/www.martegaou.com\/#website"},"datePublished":"2022-03-04T15:34:25+00:00","dateModified":"2022-06-30T13:45:01+00:00","breadcrumb":{"@id":"https:\/\/www.martegaou.com\/de\/#breadcrumb"},"inLanguage":"de","potentialAction":[{"@type":"ReadAction","target":["https:\/\/www.martegaou.com\/de\/"]}]},{"@type":"BreadcrumbList","@id":"https:\/\/www.martegaou.com\/de\/#breadcrumb","itemListElement":[{"@type":"ListItem","position":1,"name":"Camping Bouches-du-Rh\u00f4ne","item":"https:\/\/www.martegaou.com\/de\/"},{"@type":"ListItem","position":2,"name":"Accueil"}]},{"@type":"WebSite","@id":"https:\/\/www.martegaou.com\/#website","url":"https:\/\/www.martegaou.com\/","name":"Martegaou","description":"","publisher":{"@id":"https:\/\/www.martegaou.com\/#organization"},"potentialAction":[{"@type":"SearchAction","target":{"@type":"EntryPoint","urlTemplate":"https:\/\/www.martegaou.com\/?s={search_term_string}"},"query-input":{"@type":"PropertyValueSpecification","valueRequired":true,"valueName":"search_term_string"}}],"inLanguage":"de"},{"@type":"Organization","@id":"https:\/\/www.martegaou.com\/#organization","name":"Ctoncamping","url":"https:\/\/www.martegaou.com\/","logo":{"@type":"ImageObject","inLanguage":"de","@id":"https:\/\/www.martegaou.com\/#\/schema\/logo\/image\/","url":"https:\/\/www.martegaou.com\/wp-content\/uploads\/2022\/03\/logo-alt-ctoncamping.png","contentUrl":"https:\/\/www.martegaou.com\/wp-content\/uploads\/2022\/03\/logo-alt-ctoncamping.png","width":402,"height":72,"caption":"Ctoncamping"},"image":{"@id":"https:\/\/www.martegaou.com\/#\/schema\/logo\/image\/"}}]}},"_links":{"self":[{"href":"https:\/\/www.martegaou.com\/de\/wp-json\/wp\/v2\/pages\/6924","targetHints":{"allow":["GET"]}}],"collection":[{"href":"https:\/\/www.martegaou.com\/de\/wp-json\/wp\/v2\/pages"}],"about":[{"href":"https:\/\/www.martegaou.com\/de\/wp-json\/wp\/v2\/types\/page"}],"author":[{"embeddable":true,"href":"https:\/\/www.martegaou.com\/de\/wp-json\/wp\/v2\/users\/1"}],"replies":[{"embeddable":true,"href":"https:\/\/www.martegaou.com\/de\/wp-json\/wp\/v2\/comments?post=6924"}],"version-history":[{"count":24,"href":"https:\/\/www.martegaou.com\/de\/wp-json\/wp\/v2\/pages\/6924\/revisions"}],"predecessor-version":[{"id":8171,"href":"https:\/\/www.martegaou.com\/de\/wp-json\/wp\/v2\/pages\/6924\/revisions\/8171"}],"wp:attachment":[{"href":"https:\/\/www.martegaou.com\/de\/wp-json\/wp\/v2\/media?parent=6924"}],"wp:term":[{"taxonomy":"sujet","embeddable":true,"href":"https:\/\/www.martegaou.com\/de\/wp-json\/wp\/v2\/sujet?post=6924"}],"curies":[{"name":"wp","href":"https:\/\/api.w.org\/{rel}","templated":true}]}}